{"id":431,"date":"2022-12-04T13:32:44","date_gmt":"2022-12-04T12:32:44","guid":{"rendered":"https:\/\/ablackcatsoftware.com\/?page_id=431"},"modified":"2025-05-08T20:32:19","modified_gmt":"2025-05-08T18:32:19","slug":"pagina-no-encontrada","status":"publish","type":"page","link":"https:\/\/ablackcatsoftware.com\/en\/pagina-no-encontrada\/","title":{"rendered":"P\u00e1gina no encontrada"},"content":{"rendered":"<p>Lo sentimos mucho, la p\u00e1gina solicitada no est\u00e1 disponible.<\/p>\n\n\n\n<p>Volver a la <a href=\"\/en\/\">p\u00e1gina inicial<\/a>.<\/p>\n\n<!--themify_builder_content-->\n<div id=\"themify_builder_content-431\" data-postid=\"431\" class=\"themify_builder_content themify_builder_content-431 themify_builder tf_clear\">\n    <\/div>\n<!--\/themify_builder_content-->","protected":false},"excerpt":{"rendered":"<p>Lo sentimos mucho, la p\u00e1gina solicitada no est\u00e1 disponible. Volver a la p\u00e1gina inicial.<\/p>","protected":false},"author":1,"featured_media":0,"parent":0,"menu_order":0,"comment_status":"closed","ping_status":"closed","template":"","meta":{"_monsterinsights_skip_tracking":false,"_monsterinsights_sitenote_active":false,"_monsterinsights_sitenote_note":"","_monsterinsights_sitenote_category":0,"footnotes":""},"class_list":["post-431","page","type-page","status-publish","hentry","has-post-title","has-post-date","has-post-category","has-post-tag","has-post-comment","has-post-author",""],"jetpack_sharing_enabled":true,"builder_content":"","_links":{"self":[{"href":"https:\/\/ablackcatsoftware.com\/en\/wp-json\/wp\/v2\/pages\/431","targetHints":{"allow":["GET"]}}],"collection":[{"href":"https:\/\/ablackcatsoftware.com\/en\/wp-json\/wp\/v2\/pages"}],"about":[{"href":"https:\/\/ablackcatsoftware.com\/en\/wp-json\/wp\/v2\/types\/page"}],"author":[{"embeddable":true,"href":"https:\/\/ablackcatsoftware.com\/en\/wp-json\/wp\/v2\/users\/1"}],"replies":[{"embeddable":true,"href":"https:\/\/ablackcatsoftware.com\/en\/wp-json\/wp\/v2\/comments?post=431"}],"version-history":[{"count":1,"href":"https:\/\/ablackcatsoftware.com\/en\/wp-json\/wp\/v2\/pages\/431\/revisions"}],"predecessor-version":[{"id":1625,"href":"https:\/\/ablackcatsoftware.com\/en\/wp-json\/wp\/v2\/pages\/431\/revisions\/1625"}],"wp:attachment":[{"href":"https:\/\/ablackcatsoftware.com\/en\/wp-json\/wp\/v2\/media?parent=431"}],"curies":[{"name":"wp","href":"https:\/\/api.w.org\/{rel}","templated":true}]}}