{"id":1887,"date":"2025-09-13T15:24:15","date_gmt":"2025-09-13T13:24:15","guid":{"rendered":"https:\/\/ablackcatsoftware.com\/?post_type=product&#038;p=1887"},"modified":"2025-09-24T13:10:10","modified_gmt":"2025-09-24T11:10:10","slug":"abctools-pack","status":"publish","type":"product","link":"https:\/\/ablackcatsoftware.com\/en\/product\/abctools-pack\/","title":{"rendered":"AbcTools Pack"},"content":{"rendered":"<p data-start=\"144\" data-end=\"230\">\ud83d\udd27 <strong data-start=\"147\" data-end=\"183\">AbcTools Pack para NinjaTrader 8<\/strong> \u2013 \u00a1Todo lo que necesitas en un solo paquete!<\/p>\n<p data-start=\"232\" data-end=\"481\">El <strong data-start=\"235\" data-end=\"252\">AbcTools Pack<\/strong> re\u00fane en un solo pack tres potentes herramientas dise\u00f1adas para llevar tu operativa al siguiente nivel. Cada una est\u00e1 pensada para cubrir necesidades clave en el trading diario, con m\u00e1xima personalizaci\u00f3n y simplicidad de uso.<\/p>\n<h2 data-start=\"483\" data-end=\"804\">\u2728 <strong data-start=\"485\" data-end=\"504\">AbcSessionZones<\/strong><\/h2>\n<p data-start=\"483\" data-end=\"804\">Configura tus propias zonas horarias con total flexibilidad. Dibuja autom\u00e1ticamente las sesiones en el gr\u00e1fico seg\u00fan los horarios que elijas, modif\u00edcalas f\u00e1cilmente y activa la opci\u00f3n de mostrar <strong data-start=\"702\" data-end=\"738\">m\u00e1ximos y m\u00ednimos de cada sesi\u00f3n<\/strong> para identificar oportunidades y referencias clave en segundos.<\/p>\n<h2 data-start=\"806\" data-end=\"1111\">\ud83d\udce2 <strong data-start=\"809\" data-end=\"825\">AbcNewsAlert<\/strong><\/h2>\n<p data-start=\"806\" data-end=\"1111\">Mantente siempre informado sin salir de tu plataforma. Visualiza las noticias del d\u00eda filtradas por <strong data-start=\"928\" data-end=\"943\">importancia<\/strong> and <strong data-start=\"946\" data-end=\"954\">pa\u00eds<\/strong>, directamente en tu gr\u00e1fico o en una ventana aparte. Adem\u00e1s, puedes activar alertas personalizadas para recibir avisos justo en los momentos m\u00e1s cr\u00edticos.<\/p>\n<h2 data-start=\"1113\" data-end=\"1440\">\ud83d\udcd0 <strong data-start=\"1116\" data-end=\"1133\">AbcRiskReward<\/strong><\/h2>\n<p data-start=\"1113\" data-end=\"1440\">Un <strong data-start=\"1139\" data-end=\"1168\">Risk\/Reward Tool mejorado<\/strong> que te permite gestionar hasta <strong data-start=\"1200\" data-end=\"1223\">5 ratios diferentes<\/strong> en una misma operaci\u00f3n. No solo muestra los precios, tambi\u00e9n puedes elegir visualizar <strong data-start=\"1310\" data-end=\"1362\">ticks, dinero, porcentaje o cualquier otro valor<\/strong> que necesites, d\u00e1ndote una visi\u00f3n clara y pr\u00e1ctica de tu gesti\u00f3n de riesgo.<\/p>\n<p data-start=\"1442\" data-end=\"1480\">\ud83d\udca1 <strong data-start=\"1445\" data-end=\"1477\">Con el AbcTools Pack tendr\u00e1s<\/strong>:<\/p>\n<ul data-start=\"1481\" data-end=\"1637\">\n<li data-start=\"1481\" data-end=\"1526\">\n<p data-start=\"1483\" data-end=\"1526\">Organizaci\u00f3n clara de tus zonas horarias.<\/p>\n<\/li>\n<li data-start=\"1527\" data-end=\"1582\">\n<p data-start=\"1529\" data-end=\"1582\">Informaci\u00f3n clave de noticias integrada al gr\u00e1fico.<\/p>\n<\/li>\n<li data-start=\"1583\" data-end=\"1637\">\n<p data-start=\"1585\" data-end=\"1637\">Control avanzado de tu riesgo con total precisi\u00f3n.<\/p>\n<\/li>\n<\/ul>\n<p data-start=\"1639\" data-end=\"1756\">Todo en un \u00fanico pack optimizado para mejorar tu toma de decisiones y profesionalizar tu trading con NinjaTrader 8.<\/p>\n<p data-start=\"578\" data-end=\"649\"><strong>\u00a1\u00a1MUY IMPORTANTE!!\u00a0<\/strong>Para que el pack funcione debes estar <a href=\"https:\/\/ablackcatsoftware.com\/en\/cuenta\/\"><strong>registrado en nuestra web<\/strong><\/a>.<\/p>","protected":false},"excerpt":{"rendered":"<p data-start=\"107\" data-end=\"148\">\ud83d\udd27 <strong data-start=\"110\" data-end=\"146\">AbcTools Pack para NinjaTrader 8<\/strong><\/p>\n<p data-start=\"150\" data-end=\"223\">Un pack completo con 3 potentes herramientas para optimizar tu trading: <strong data-start=\"227\" data-end=\"246\">AbcSessionZones<\/strong>, <strong data-start=\"227\" data-end=\"246\">AbcNewsAlert <\/strong>and <strong data-start=\"458\" data-end=\"475\">AbcRiskReward<\/strong>.<\/p>\n<p data-start=\"578\" data-end=\"649\">\ud83d\udc49 Organizaci\u00f3n, informaci\u00f3n y control del riesgo en un solo paquete.<\/p>\n<p data-start=\"578\" data-end=\"649\"><strong>\u00a1\u00a1MUY IMPORTANTE!!\u00a0<\/strong>Para que el pack funcione debes estar <a href=\"https:\/\/ablackcatsoftware.com\/en\/cuenta\/\"><strong>registrado en nuestra web<\/strong><\/a>.<\/p>","protected":false},"featured_media":1900,"template":"","meta":{"_monsterinsights_skip_tracking":false,"_monsterinsights_sitenote_active":false,"_monsterinsights_sitenote_note":"","_monsterinsights_sitenote_category":0},"product_brand":[],"product_cat":[39,36],"product_tag":[],"class_list":{"0":"post-1887","1":"product","2":"type-product","3":"status-publish","4":"has-post-thumbnail","6":"product_cat-tools","7":"product_cat-trading","8":"has-post-title","9":"has-post-date","10":"has-post-category","11":"has-post-tag","12":"has-post-comment","13":"has-post-author","14":"","16":"first","17":"instock","18":"downloadable","19":"virtual","20":"sold-individually","21":"purchasable","22":"product-type-simple"},"jetpack_sharing_enabled":true,"builder_content":"","_links":{"self":[{"href":"https:\/\/ablackcatsoftware.com\/en\/wp-json\/wp\/v2\/product\/1887","targetHints":{"allow":["GET"]}}],"collection":[{"href":"https:\/\/ablackcatsoftware.com\/en\/wp-json\/wp\/v2\/product"}],"about":[{"href":"https:\/\/ablackcatsoftware.com\/en\/wp-json\/wp\/v2\/types\/product"}],"wp:featuredmedia":[{"embeddable":true,"href":"https:\/\/ablackcatsoftware.com\/en\/wp-json\/wp\/v2\/media\/1900"}],"wp:attachment":[{"href":"https:\/\/ablackcatsoftware.com\/en\/wp-json\/wp\/v2\/media?parent=1887"}],"wp:term":[{"taxonomy":"product_brand","embeddable":true,"href":"https:\/\/ablackcatsoftware.com\/en\/wp-json\/wp\/v2\/product_brand?post=1887"},{"taxonomy":"product_cat","embeddable":true,"href":"https:\/\/ablackcatsoftware.com\/en\/wp-json\/wp\/v2\/product_cat?post=1887"},{"taxonomy":"product_tag","embeddable":true,"href":"https:\/\/ablackcatsoftware.com\/en\/wp-json\/wp\/v2\/product_tag?post=1887"}],"curies":[{"name":"wp","href":"https:\/\/api.w.org\/{rel}","templated":true}]}}